{"id":3198,"date":"2025-06-11T16:11:21","date_gmt":"2025-06-11T20:11:21","guid":{"rendered":"https:\/\/wilyxsolutions.com\/sortie-de-caisse\/echec-de-la-transaction"},"modified":"2025-08-13T21:44:46","modified_gmt":"2025-08-14T01:44:46","slug":"echec-de-la-transaction","status":"publish","type":"page","link":"https:\/\/wilyxsolutions.com\/fr\/sortie-de-caisse\/echec-de-la-transaction","title":{"rendered":"\u00c9chec de la transaction"},"content":{"rendered":"<p>Votre transaction a \u00e9chou\u00e9 ; veuillez r\u00e9essayer ou contacter le service d&rsquo;assistance du site.<\/p>","protected":false},"excerpt":{"rendered":"<p>Votre transaction a \u00e9chou\u00e9 ; veuillez r\u00e9essayer ou contacter le service d&rsquo;assistance du site.<\/p>\n","protected":false},"author":1,"featured_media":0,"parent":3194,"menu_order":0,"comment_status":"closed","ping_status":"closed","template":"","meta":{"_uag_custom_page_level_css":"","site-sidebar-layout":"default","site-content-layout":"","ast-site-content-layout":"default","site-content-style":"default","site-sidebar-style":"default","ast-global-header-display":"","ast-banner-title-visibility":"","ast-main-header-display":"","ast-hfb-above-header-display":"","ast-hfb-below-header-display":"","ast-hfb-mobile-header-display":"","site-post-title":"","ast-breadcrumbs-content":"","ast-featured-img":"","footer-sml-layout":"","ast-disable-related-posts":"","theme-transparent-header-meta":"","adv-header-id-meta":"","stick-header-meta":"","header-above-stick-meta":"","header-main-stick-meta":"","header-below-stick-meta":"","astra-migrate-meta-layouts":"default","ast-page-background-enabled":"default","ast-page-background-meta":{"desktop":{"background-color":"","background-image":"","background-repeat":"repeat","background-position":"center center","background-size":"auto","background-attachment":"scroll","background-type":"","background-media":"","overlay-type":"","overlay-color":"","overlay-opacity":"","overlay-gradient":""},"tablet":{"background-color":"","background-image":"","background-repeat":"repeat","background-position":"center center","background-size":"auto","background-attachment":"scroll","background-type":"","background-media":"","overlay-type":"","overlay-color":"","overlay-opacity":"","overlay-gradient":""},"mobile":{"background-color":"","background-image":"","background-repeat":"repeat","background-position":"center center","background-size":"auto","background-attachment":"scroll","background-type":"","background-media":"","overlay-type":"","overlay-color":"","overlay-opacity":"","overlay-gradient":""}},"ast-content-background-meta":{"desktop":{"background-color":"var(--ast-global-color-5)","background-image":"","background-repeat":"repeat","background-position":"center center","background-size":"auto","background-attachment":"scroll","background-type":"","background-media":"","overlay-type":"","overlay-color":"","overlay-opacity":"","overlay-gradient":""},"tablet":{"background-color":"var(--ast-global-color-5)","background-image":"","background-repeat":"repeat","background-position":"center center","background-size":"auto","background-attachment":"scroll","background-type":"","background-media":"","overlay-type":"","overlay-color":"","overlay-opacity":"","overlay-gradient":""},"mobile":{"background-color":"var(--ast-global-color-5)","background-image":"","background-repeat":"repeat","background-position":"center center","background-size":"auto","background-attachment":"scroll","background-type":"","background-media":"","overlay-type":"","overlay-color":"","overlay-opacity":"","overlay-gradient":""}},"footnotes":""},"class_list":["post-3198","page","type-page","status-publish","hentry"],"yoast_head":"<!-- This site is optimized with the Yoast SEO plugin v27.4 - https:\/\/yoast.com\/product\/yoast-seo-wordpress\/ -->\n<title>\u00c9chec de la transaction - Wilyx<\/title>\n<meta name=\"robots\" content=\"index, follow, max-snippet:-1, max-image-preview:large, max-video-preview:-1\" \/>\n<link rel=\"canonical\" href=\"https:\/\/wilyxsolutions.com\/fr\/sortie-de-caisse\/echec-de-la-transaction\" \/>\n<meta property=\"og:locale\" content=\"fr_FR\" \/>\n<meta property=\"og:type\" content=\"article\" \/>\n<meta property=\"og:title\" content=\"\u00c9chec de la transaction - Wilyx\" \/>\n<meta property=\"og:description\" content=\"Votre transaction a \u00e9chou\u00e9 ; veuillez r\u00e9essayer ou contacter le service d&rsquo;assistance du site.\" \/>\n<meta property=\"og:url\" content=\"https:\/\/wilyxsolutions.com\/fr\/sortie-de-caisse\/echec-de-la-transaction\" \/>\n<meta property=\"og:site_name\" content=\"Wilyx\" \/>\n<meta property=\"article:publisher\" content=\"https:\/\/www.facebook.com\/wilyxinc\" \/>\n<meta property=\"article:modified_time\" content=\"2025-08-14T01:44:46+00:00\" \/>\n<meta name=\"twitter:card\" content=\"summary_large_image\" \/>\n<script type=\"application\/ld+json\" class=\"yoast-schema-graph\">{\"@context\":\"https:\\\/\\\/schema.org\",\"@graph\":[{\"@type\":\"WebPage\",\"@id\":\"https:\\\/\\\/wilyxsolutions.com\\\/fr\\\/sortie-de-caisse\\\/echec-de-la-transaction\",\"url\":\"https:\\\/\\\/wilyxsolutions.com\\\/fr\\\/sortie-de-caisse\\\/echec-de-la-transaction\",\"name\":\"\u00c9chec de la transaction - Wilyx\",\"isPartOf\":{\"@id\":\"https:\\\/\\\/wilyxsolutions.com\\\/fr#website\"},\"datePublished\":\"2025-06-11T20:11:21+00:00\",\"dateModified\":\"2025-08-14T01:44:46+00:00\",\"breadcrumb\":{\"@id\":\"https:\\\/\\\/wilyxsolutions.com\\\/fr\\\/sortie-de-caisse\\\/echec-de-la-transaction#breadcrumb\"},\"inLanguage\":\"fr-FR\",\"potentialAction\":[{\"@type\":\"ReadAction\",\"target\":[\"https:\\\/\\\/wilyxsolutions.com\\\/fr\\\/sortie-de-caisse\\\/echec-de-la-transaction\"]}]},{\"@type\":\"BreadcrumbList\",\"@id\":\"https:\\\/\\\/wilyxsolutions.com\\\/fr\\\/sortie-de-caisse\\\/echec-de-la-transaction#breadcrumb\",\"itemListElement\":[{\"@type\":\"ListItem\",\"position\":1,\"name\":\"Home\",\"item\":\"https:\\\/\\\/wilyxsolutions.com\\\/fr\"},{\"@type\":\"ListItem\",\"position\":2,\"name\":\"Sortie de caisse\",\"item\":\"https:\\\/\\\/wilyxsolutions.com\\\/fr\\\/sortie-de-caisse\"},{\"@type\":\"ListItem\",\"position\":3,\"name\":\"\u00c9chec de la transaction\"}]},{\"@type\":\"WebSite\",\"@id\":\"https:\\\/\\\/wilyxsolutions.com\\\/fr#website\",\"url\":\"https:\\\/\\\/wilyxsolutions.com\\\/fr\",\"name\":\"Wilyx\",\"description\":\"AI &amp; Analytics\",\"publisher\":{\"@id\":\"https:\\\/\\\/wilyxsolutions.com\\\/fr#organization\"},\"potentialAction\":[{\"@type\":\"SearchAction\",\"target\":{\"@type\":\"EntryPoint\",\"urlTemplate\":\"https:\\\/\\\/wilyxsolutions.com\\\/fr?s={search_term_string}\"},\"query-input\":{\"@type\":\"PropertyValueSpecification\",\"valueRequired\":true,\"valueName\":\"search_term_string\"}}],\"inLanguage\":\"fr-FR\"},{\"@type\":\"Organization\",\"@id\":\"https:\\\/\\\/wilyxsolutions.com\\\/fr#organization\",\"name\":\"Wilyx\",\"url\":\"https:\\\/\\\/wilyxsolutions.com\\\/fr\",\"logo\":{\"@type\":\"ImageObject\",\"inLanguage\":\"fr-FR\",\"@id\":\"https:\\\/\\\/wilyxsolutions.com\\\/fr#\\\/schema\\\/logo\\\/image\\\/\",\"url\":\"https:\\\/\\\/wilyxsolutions.com\\\/wp-content\\\/uploads\\\/2025\\\/06\\\/cropped-10-1.png\",\"contentUrl\":\"https:\\\/\\\/wilyxsolutions.com\\\/wp-content\\\/uploads\\\/2025\\\/06\\\/cropped-10-1.png\",\"width\":512,\"height\":512,\"caption\":\"Wilyx\"},\"image\":{\"@id\":\"https:\\\/\\\/wilyxsolutions.com\\\/fr#\\\/schema\\\/logo\\\/image\\\/\"},\"sameAs\":[\"https:\\\/\\\/www.facebook.com\\\/wilyxinc\",\"https:\\\/\\\/www.linkedin.com\\\/company\\\/wilyx\\\/\"]}]}<\/script>\n<!-- \/ Yoast SEO plugin. -->","yoast_head_json":{"title":"\u00c9chec de la transaction - Wilyx","robots":{"index":"index","follow":"follow","max-snippet":"max-snippet:-1","max-image-preview":"max-image-preview:large","max-video-preview":"max-video-preview:-1"},"canonical":"https:\/\/wilyxsolutions.com\/fr\/sortie-de-caisse\/echec-de-la-transaction","og_locale":"fr_FR","og_type":"article","og_title":"\u00c9chec de la transaction - Wilyx","og_description":"Votre transaction a \u00e9chou\u00e9 ; veuillez r\u00e9essayer ou contacter le service d&rsquo;assistance du site.","og_url":"https:\/\/wilyxsolutions.com\/fr\/sortie-de-caisse\/echec-de-la-transaction","og_site_name":"Wilyx","article_publisher":"https:\/\/www.facebook.com\/wilyxinc","article_modified_time":"2025-08-14T01:44:46+00:00","twitter_card":"summary_large_image","schema":{"@context":"https:\/\/schema.org","@graph":[{"@type":"WebPage","@id":"https:\/\/wilyxsolutions.com\/fr\/sortie-de-caisse\/echec-de-la-transaction","url":"https:\/\/wilyxsolutions.com\/fr\/sortie-de-caisse\/echec-de-la-transaction","name":"\u00c9chec de la transaction - Wilyx","isPartOf":{"@id":"https:\/\/wilyxsolutions.com\/fr#website"},"datePublished":"2025-06-11T20:11:21+00:00","dateModified":"2025-08-14T01:44:46+00:00","breadcrumb":{"@id":"https:\/\/wilyxsolutions.com\/fr\/sortie-de-caisse\/echec-de-la-transaction#breadcrumb"},"inLanguage":"fr-FR","potentialAction":[{"@type":"ReadAction","target":["https:\/\/wilyxsolutions.com\/fr\/sortie-de-caisse\/echec-de-la-transaction"]}]},{"@type":"BreadcrumbList","@id":"https:\/\/wilyxsolutions.com\/fr\/sortie-de-caisse\/echec-de-la-transaction#breadcrumb","itemListElement":[{"@type":"ListItem","position":1,"name":"Home","item":"https:\/\/wilyxsolutions.com\/fr"},{"@type":"ListItem","position":2,"name":"Sortie de caisse","item":"https:\/\/wilyxsolutions.com\/fr\/sortie-de-caisse"},{"@type":"ListItem","position":3,"name":"\u00c9chec de la transaction"}]},{"@type":"WebSite","@id":"https:\/\/wilyxsolutions.com\/fr#website","url":"https:\/\/wilyxsolutions.com\/fr","name":"Wilyx","description":"AI &amp; Analytics","publisher":{"@id":"https:\/\/wilyxsolutions.com\/fr#organization"},"potentialAction":[{"@type":"SearchAction","target":{"@type":"EntryPoint","urlTemplate":"https:\/\/wilyxsolutions.com\/fr?s={search_term_string}"},"query-input":{"@type":"PropertyValueSpecification","valueRequired":true,"valueName":"search_term_string"}}],"inLanguage":"fr-FR"},{"@type":"Organization","@id":"https:\/\/wilyxsolutions.com\/fr#organization","name":"Wilyx","url":"https:\/\/wilyxsolutions.com\/fr","logo":{"@type":"ImageObject","inLanguage":"fr-FR","@id":"https:\/\/wilyxsolutions.com\/fr#\/schema\/logo\/image\/","url":"https:\/\/wilyxsolutions.com\/wp-content\/uploads\/2025\/06\/cropped-10-1.png","contentUrl":"https:\/\/wilyxsolutions.com\/wp-content\/uploads\/2025\/06\/cropped-10-1.png","width":512,"height":512,"caption":"Wilyx"},"image":{"@id":"https:\/\/wilyxsolutions.com\/fr#\/schema\/logo\/image\/"},"sameAs":["https:\/\/www.facebook.com\/wilyxinc","https:\/\/www.linkedin.com\/company\/wilyx\/"]}]}},"spectra_custom_meta":{"_last_translation_edit_mode":["translation-editor"],"_wpml_word_count":["21"],"astra_style_timestamp_css":["1770548204"],"_cmplz_scanned_post":["1"],"_uag_css_file_name":["uag-css-3198.css"],"_uag_page_assets":["a:9:{s:3:\"css\";s:7228:\".uag-blocks-common-selector{z-index:var(--z-index-desktop) !important}@media(max-width: 976px){.uag-blocks-common-selector{z-index:var(--z-index-tablet) !important}}@media(max-width: 767px){.uag-blocks-common-selector{z-index:var(--z-index-mobile) !important}}.wp-block-uagb-advanced-heading h1,.wp-block-uagb-advanced-heading h2,.wp-block-uagb-advanced-heading h3,.wp-block-uagb-advanced-heading h4,.wp-block-uagb-advanced-heading h5,.wp-block-uagb-advanced-heading h6,.wp-block-uagb-advanced-heading p,.wp-block-uagb-advanced-heading div{word-break:break-word}.wp-block-uagb-advanced-heading .uagb-heading-text{margin:0}.wp-block-uagb-advanced-heading .uagb-desc-text{margin:0}.wp-block-uagb-advanced-heading .uagb-separator{font-size:0;border-top-style:solid;display:inline-block;margin:0 0 10px 0}.wp-block-uagb-advanced-heading .uagb-highlight{color:#f78a0c;border:0;transition:all .3s ease}.uag-highlight-toolbar{border-left:0;border-top:0;border-bottom:0;border-radius:0;border-right-color:#1e1e1e}.uag-highlight-toolbar .components-button{border-radius:0;outline:none}.uag-highlight-toolbar .components-button.is-primary{color:#fff}.wp-block-uagb-advanced-heading.uagb-block-c2fe93c7.wp-block-uagb-advanced-heading .uagb-desc-text{margin-bottom: 15px;}.wp-block-uagb-advanced-heading.uagb-block-c2fe93c7.wp-block-uagb-advanced-heading .uagb-highlight{font-style: normal;font-weight: Default;background: #007cba;color: #fff;-webkit-text-fill-color: #fff;}.wp-block-uagb-advanced-heading.uagb-block-c2fe93c7.wp-block-uagb-advanced-heading .uagb-highlight::-moz-selection{color: #fff;background: #007cba;-webkit-text-fill-color: #fff;}.wp-block-uagb-advanced-heading.uagb-block-c2fe93c7.wp-block-uagb-advanced-heading .uagb-highlight::selection{color: #fff;background: #007cba;-webkit-text-fill-color: #fff;}.wp-block-uagb-advanced-heading.uagb-block-c2fe93c7 .uagb-heading-text{font-size: 22px;}.wp-block-uagb-advanced-heading.uagb-block-9800750c.wp-block-uagb-advanced-heading .uagb-desc-text{margin-bottom: 15px;}.wp-block-uagb-advanced-heading.uagb-block-9800750c.wp-block-uagb-advanced-heading .uagb-highlight{font-style: normal;font-weight: Default;background: #007cba;color: #fff;-webkit-text-fill-color: #fff;}.wp-block-uagb-advanced-heading.uagb-block-9800750c.wp-block-uagb-advanced-heading .uagb-highlight::-moz-selection{color: #fff;background: #007cba;-webkit-text-fill-color: #fff;}.wp-block-uagb-advanced-heading.uagb-block-9800750c.wp-block-uagb-advanced-heading .uagb-highlight::selection{color: #fff;background: #007cba;-webkit-text-fill-color: #fff;}.wp-block-uagb-advanced-heading.uagb-block-9800750c .uagb-heading-text{font-size: 22px;}.wp-block-uagb-advanced-heading.uagb-block-e045ee04.wp-block-uagb-advanced-heading .uagb-desc-text{margin-bottom: 15px;}.wp-block-uagb-advanced-heading.uagb-block-e045ee04.wp-block-uagb-advanced-heading .uagb-highlight{font-style: normal;font-weight: Default;background: #007cba;color: #fff;-webkit-text-fill-color: #fff;}.wp-block-uagb-advanced-heading.uagb-block-e045ee04.wp-block-uagb-advanced-heading .uagb-highlight::-moz-selection{color: #fff;background: #007cba;-webkit-text-fill-color: #fff;}.wp-block-uagb-advanced-heading.uagb-block-e045ee04.wp-block-uagb-advanced-heading .uagb-highlight::selection{color: #fff;background: #007cba;-webkit-text-fill-color: #fff;}.wp-block-uagb-advanced-heading.uagb-block-e045ee04 .uagb-heading-text{font-size: 22px;}.wp-block-uagb-advanced-heading.uagb-block-5edc344e.wp-block-uagb-advanced-heading .uagb-desc-text{margin-bottom: 15px;}.wp-block-uagb-advanced-heading.uagb-block-5edc344e.wp-block-uagb-advanced-heading .uagb-highlight{font-style: normal;font-weight: Default;background: #007cba;color: #fff;-webkit-text-fill-color: #fff;}.wp-block-uagb-advanced-heading.uagb-block-5edc344e.wp-block-uagb-advanced-heading .uagb-highlight::-moz-selection{color: #fff;background: #007cba;-webkit-text-fill-color: #fff;}.wp-block-uagb-advanced-heading.uagb-block-5edc344e.wp-block-uagb-advanced-heading .uagb-highlight::selection{color: #fff;background: #007cba;-webkit-text-fill-color: #fff;}.wp-block-uagb-advanced-heading.uagb-block-5edc344e .uagb-heading-text{font-size: 22px;}.wp-block-uagb-advanced-heading.uagb-block-c2fe93c7.wp-block-uagb-advanced-heading .uagb-desc-text{margin-bottom: 15px;}.wp-block-uagb-advanced-heading.uagb-block-c2fe93c7.wp-block-uagb-advanced-heading .uagb-highlight{font-style: normal;font-weight: Default;background: #007cba;color: #fff;-webkit-text-fill-color: #fff;}.wp-block-uagb-advanced-heading.uagb-block-c2fe93c7.wp-block-uagb-advanced-heading .uagb-highlight::-moz-selection{color: #fff;background: #007cba;-webkit-text-fill-color: #fff;}.wp-block-uagb-advanced-heading.uagb-block-c2fe93c7.wp-block-uagb-advanced-heading .uagb-highlight::selection{color: #fff;background: #007cba;-webkit-text-fill-color: #fff;}.wp-block-uagb-advanced-heading.uagb-block-c2fe93c7 .uagb-heading-text{font-size: 22px;}.wp-block-uagb-advanced-heading.uagb-block-9800750c.wp-block-uagb-advanced-heading .uagb-desc-text{margin-bottom: 15px;}.wp-block-uagb-advanced-heading.uagb-block-9800750c.wp-block-uagb-advanced-heading .uagb-highlight{font-style: normal;font-weight: Default;background: #007cba;color: #fff;-webkit-text-fill-color: #fff;}.wp-block-uagb-advanced-heading.uagb-block-9800750c.wp-block-uagb-advanced-heading .uagb-highlight::-moz-selection{color: #fff;background: #007cba;-webkit-text-fill-color: #fff;}.wp-block-uagb-advanced-heading.uagb-block-9800750c.wp-block-uagb-advanced-heading .uagb-highlight::selection{color: #fff;background: #007cba;-webkit-text-fill-color: #fff;}.wp-block-uagb-advanced-heading.uagb-block-9800750c .uagb-heading-text{font-size: 22px;}.wp-block-uagb-advanced-heading.uagb-block-e045ee04.wp-block-uagb-advanced-heading .uagb-desc-text{margin-bottom: 15px;}.wp-block-uagb-advanced-heading.uagb-block-e045ee04.wp-block-uagb-advanced-heading .uagb-highlight{font-style: normal;font-weight: Default;background: #007cba;color: #fff;-webkit-text-fill-color: #fff;}.wp-block-uagb-advanced-heading.uagb-block-e045ee04.wp-block-uagb-advanced-heading .uagb-highlight::-moz-selection{color: #fff;background: #007cba;-webkit-text-fill-color: #fff;}.wp-block-uagb-advanced-heading.uagb-block-e045ee04.wp-block-uagb-advanced-heading .uagb-highlight::selection{color: #fff;background: #007cba;-webkit-text-fill-color: #fff;}.wp-block-uagb-advanced-heading.uagb-block-e045ee04 .uagb-heading-text{font-size: 22px;}.wp-block-uagb-advanced-heading.uagb-block-5edc344e.wp-block-uagb-advanced-heading .uagb-desc-text{margin-bottom: 15px;}.wp-block-uagb-advanced-heading.uagb-block-5edc344e.wp-block-uagb-advanced-heading .uagb-highlight{font-style: normal;font-weight: Default;background: #007cba;color: #fff;-webkit-text-fill-color: #fff;}.wp-block-uagb-advanced-heading.uagb-block-5edc344e.wp-block-uagb-advanced-heading .uagb-highlight::-moz-selection{color: #fff;background: #007cba;-webkit-text-fill-color: #fff;}.wp-block-uagb-advanced-heading.uagb-block-5edc344e.wp-block-uagb-advanced-heading .uagb-highlight::selection{color: #fff;background: #007cba;-webkit-text-fill-color: #fff;}.wp-block-uagb-advanced-heading.uagb-block-5edc344e .uagb-heading-text{font-size: 22px;}\";s:2:\"js\";s:0:\"\";s:18:\"current_block_list\";a:11:{i:0;s:14:\"core\/paragraph\";i:1;s:11:\"core\/search\";i:2;s:10:\"core\/group\";i:3;s:12:\"core\/heading\";i:4;s:17:\"core\/latest-posts\";i:5;s:20:\"core\/latest-comments\";i:6;s:13:\"core\/archives\";i:7;s:15:\"core\/categories\";i:8;s:21:\"uagb\/advanced-heading\";i:9;s:14:\"core\/shortcode\";i:10;s:17:\"core\/social-links\";}s:8:\"uag_flag\";b:1;s:11:\"uag_version\";s:10:\"1777557159\";s:6:\"gfonts\";a:0:{}s:10:\"gfonts_url\";s:0:\"\";s:12:\"gfonts_files\";a:0:{}s:14:\"uag_faq_layout\";b:0;}"]},"uagb_featured_image_src":{"full":false,"thumbnail":false,"medium":false,"medium_large":false,"large":false,"1536x1536":false,"2048x2048":false,"woocommerce_thumbnail":false,"woocommerce_single":false,"woocommerce_gallery_thumbnail":false},"uagb_author_info":{"display_name":"Wilyx","author_link":"https:\/\/wilyxsolutions.com\/fr\/author\/derwilfgmail-com"},"uagb_comment_info":0,"uagb_excerpt":"Votre transaction a \u00e9chou\u00e9 ; veuillez r\u00e9essayer ou contacter le service d&rsquo;assistance du site.","_links":{"self":[{"href":"https:\/\/wilyxsolutions.com\/fr\/wp-json\/wp\/v2\/pages\/3198","targetHints":{"allow":["GET"]}}],"collection":[{"href":"https:\/\/wilyxsolutions.com\/fr\/wp-json\/wp\/v2\/pages"}],"about":[{"href":"https:\/\/wilyxsolutions.com\/fr\/wp-json\/wp\/v2\/types\/page"}],"author":[{"embeddable":true,"href":"https:\/\/wilyxsolutions.com\/fr\/wp-json\/wp\/v2\/users\/1"}],"replies":[{"embeddable":true,"href":"https:\/\/wilyxsolutions.com\/fr\/wp-json\/wp\/v2\/comments?post=3198"}],"version-history":[{"count":1,"href":"https:\/\/wilyxsolutions.com\/fr\/wp-json\/wp\/v2\/pages\/3198\/revisions"}],"predecessor-version":[{"id":3199,"href":"https:\/\/wilyxsolutions.com\/fr\/wp-json\/wp\/v2\/pages\/3198\/revisions\/3199"}],"up":[{"embeddable":true,"href":"https:\/\/wilyxsolutions.com\/fr\/wp-json\/wp\/v2\/pages\/3194"}],"wp:attachment":[{"href":"https:\/\/wilyxsolutions.com\/fr\/wp-json\/wp\/v2\/media?parent=3198"}],"curies":[{"name":"wp","href":"https:\/\/api.w.org\/{rel}","templated":true}]}}