{"id":3482,"date":"2025-08-28T10:01:44","date_gmt":"2025-08-28T14:01:44","guid":{"rendered":"https:\/\/wilyxsolutions.com\/product\/business-intelligence-avec-power-bi"},"modified":"2025-08-28T10:01:44","modified_gmt":"2025-08-28T14:01:44","slug":"business-intelligence-avec-power-bi","status":"publish","type":"product","link":"https:\/\/wilyxsolutions.com\/fr\/produit\/business-intelligence-avec-power-bi","title":{"rendered":"Business Intelligence avec Power BI"},"content":{"rendered":"<p>Lib\u00e9rez le potentiel de vos donn\u00e9es et am\u00e9liorez votre prise de d\u00e9cision gr\u00e2ce \u00e0 notre <strong>atelier sur la Business Intelligence avec Power BI<\/strong>. Que vous soyez d\u00e9butant ou professionnel exp\u00e9riment\u00e9, cet atelier est con\u00e7u pour vous guider dans l&rsquo;utilisation de Power BI afin de cr\u00e9er des rapports et des tableaux de bord pertinents. Transformez vos donn\u00e9es brutes en informations exploitables et gardez une longueur d&rsquo;avance dans le paysage commercial concurrentiel.  <\/p>\n<h2>Ce que vous apprendrez<\/h2>\n<p>Cet atelier propose une approche compl\u00e8te de la ma\u00eetrise de Power BI. Tout au long de la session, vous : <\/p>\n<ul>\n<li>Comprendre les concepts et principes cl\u00e9s de la BI.<\/li>\n<li>Apprenez \u00e0 visualiser et \u00e0 analyser des donn\u00e9es \u00e0 l&rsquo;aide des outils Power BI.<\/li>\n<li>Identifiez les tendances, les mod\u00e8les et les informations cach\u00e9es dans vos ensembles de donn\u00e9es.<\/li>\n<li>Cr\u00e9ez des tableaux de bord interactifs pour simplifier les r\u00e9cits de donn\u00e9es complexes.<\/li>\n<li>Optimiser les flux de travail pour une analyse des donn\u00e9es et des rapports efficaces.<\/li>\n<\/ul>\n<p>Si vous souhaitez prendre des d\u00e9cisions commerciales plus intelligentes en utilisant des donn\u00e9es en temps r\u00e9el, cet atelier est fait pour vous.<\/p>\n","protected":false},"excerpt":{"rendered":"<p>Lib\u00e9rez le potentiel de vos donn\u00e9es et am\u00e9liorez votre prise de d\u00e9cision gr\u00e2ce \u00e0 notre atelier sur la Business Intelligence avec Power BI. Que vous soyez d\u00e9butant ou professionnel exp\u00e9riment\u00e9, cet atelier est con\u00e7u pour vous guider dans l&rsquo;utilisation de Power BI afin de cr\u00e9er des rapports et des tableaux de bord pertinents. Transformez vos [&hellip;]<\/p>\n","protected":false},"featured_media":3065,"comment_status":"open","ping_status":"closed","template":"","meta":{"_uag_custom_page_level_css":"","site-sidebar-layout":"default","site-content-layout":"","ast-site-content-layout":"default","site-content-style":"default","site-sidebar-style":"default","ast-global-header-display":"","ast-banner-title-visibility":"","ast-main-header-display":"","ast-hfb-above-header-display":"","ast-hfb-below-header-display":"","ast-hfb-mobile-header-display":"","site-post-title":"","ast-breadcrumbs-content":"","ast-featured-img":"","footer-sml-layout":"","ast-disable-related-posts":"","theme-transparent-header-meta":"default","adv-header-id-meta":"","stick-header-meta":"","header-above-stick-meta":"","header-main-stick-meta":"","header-below-stick-meta":"","astra-migrate-meta-layouts":"default","ast-page-background-enabled":"default","ast-page-background-meta":{"desktop":{"background-color":"","background-image":"","background-repeat":"repeat","background-position":"center center","background-size":"auto","background-attachment":"scroll","background-type":"","background-media":"","overlay-type":"","overlay-color":"","overlay-opacity":"","overlay-gradient":""},"tablet":{"background-color":"","background-image":"","background-repeat":"repeat","background-position":"center center","background-size":"auto","background-attachment":"scroll","background-type":"","background-media":"","overlay-type":"","overlay-color":"","overlay-opacity":"","overlay-gradient":""},"mobile":{"background-color":"","background-image":"","background-repeat":"repeat","background-position":"center center","background-size":"auto","background-attachment":"scroll","background-type":"","background-media":"","overlay-type":"","overlay-color":"","overlay-opacity":"","overlay-gradient":""}},"ast-content-background-meta":{"desktop":{"background-color":"var(--ast-global-color-5)","background-image":"","background-repeat":"repeat","background-position":"center center","background-size":"auto","background-attachment":"scroll","background-type":"","background-media":"","overlay-type":"","overlay-color":"","overlay-opacity":"","overlay-gradient":""},"tablet":{"background-color":"var(--ast-global-color-5)","background-image":"","background-repeat":"repeat","background-position":"center center","background-size":"auto","background-attachment":"scroll","background-type":"","background-media":"","overlay-type":"","overlay-color":"","overlay-opacity":"","overlay-gradient":""},"mobile":{"background-color":"var(--ast-global-color-5)","background-image":"","background-repeat":"repeat","background-position":"center center","background-size":"auto","background-attachment":"scroll","background-type":"","background-media":"","overlay-type":"","overlay-color":"","overlay-opacity":"","overlay-gradient":""}}},"product_brand":[],"product_cat":[65],"product_tag":[],"class_list":{"0":"post-3482","1":"product","2":"type-product","3":"status-publish","4":"has-post-thumbnail","6":"product_cat-formations","7":"desktop-align-left","8":"tablet-align-left","9":"mobile-align-left","10":"ast-product-gallery-layout-horizontal-slider","11":"ast-product-gallery-with-no-image","12":"ast-magnify-disabled","13":"ast-product-tabs-layout-horizontal","15":"first","16":"instock","17":"shipping-taxable","18":"product-type-simple"},"yoast_head":"<!-- This site is optimized with the Yoast SEO plugin v27.5 - https:\/\/yoast.com\/product\/yoast-seo-wordpress\/ -->\n<title>Business Intelligence avec Power BI - Wilyx<\/title>\n<meta name=\"description\" content=\"Transformez vos donn\u00e9es gr\u00e2ce \u00e0 notre atelier sur la business intelligence avec Power BI. Rejoignez-nous pour obtenir des informations exploitables d\u00e8s aujourd&#039;hui !\" \/>\n<meta name=\"robots\" content=\"index, follow, max-snippet:-1, max-image-preview:large, max-video-preview:-1\" \/>\n<link rel=\"canonical\" href=\"https:\/\/wilyxsolutions.com\/fr\/produit\/business-intelligence-avec-power-bi\" \/>\n<meta property=\"og:locale\" content=\"fr_FR\" \/>\n<meta property=\"og:type\" content=\"article\" \/>\n<meta property=\"og:title\" content=\"Business Intelligence avec Power BI - Wilyx\" \/>\n<meta property=\"og:description\" content=\"Transformez vos donn\u00e9es gr\u00e2ce \u00e0 notre atelier sur la business intelligence avec Power BI. Rejoignez-nous pour obtenir des informations exploitables d\u00e8s aujourd&#039;hui !\" \/>\n<meta property=\"og:url\" content=\"https:\/\/wilyxsolutions.com\/fr\/produit\/business-intelligence-avec-power-bi\" \/>\n<meta property=\"og:site_name\" content=\"Wilyx\" \/>\n<meta property=\"article:publisher\" content=\"https:\/\/www.facebook.com\/wilyxinc\" \/>\n<meta property=\"og:image\" content=\"https:\/\/wilyxsolutions.com\/wp-content\/uploads\/2025\/06\/training-04-free-img.jpg\" \/>\n\t<meta property=\"og:image:width\" content=\"565\" \/>\n\t<meta property=\"og:image:height\" content=\"360\" \/>\n\t<meta property=\"og:image:type\" content=\"image\/jpeg\" \/>\n<meta name=\"twitter:card\" content=\"summary_large_image\" \/>\n<meta name=\"twitter:label1\" content=\"Dur\u00e9e de lecture estim\u00e9e\" \/>\n\t<meta name=\"twitter:data1\" content=\"1 minute\" \/>\n<script type=\"application\/ld+json\" class=\"yoast-schema-graph\">{\"@context\":\"https:\\\/\\\/schema.org\",\"@graph\":[{\"@type\":\"WebPage\",\"@id\":\"https:\\\/\\\/wilyxsolutions.com\\\/fr\\\/produit\\\/business-intelligence-avec-power-bi\",\"url\":\"https:\\\/\\\/wilyxsolutions.com\\\/fr\\\/produit\\\/business-intelligence-avec-power-bi\",\"name\":\"Business Intelligence avec Power BI - Wilyx\",\"isPartOf\":{\"@id\":\"https:\\\/\\\/wilyxsolutions.com\\\/fr#website\"},\"primaryImageOfPage\":{\"@id\":\"https:\\\/\\\/wilyxsolutions.com\\\/fr\\\/produit\\\/business-intelligence-avec-power-bi#primaryimage\"},\"image\":{\"@id\":\"https:\\\/\\\/wilyxsolutions.com\\\/fr\\\/produit\\\/business-intelligence-avec-power-bi#primaryimage\"},\"thumbnailUrl\":\"https:\\\/\\\/wilyxsolutions.com\\\/wp-content\\\/uploads\\\/2025\\\/06\\\/training-04-free-img.jpg\",\"datePublished\":\"2025-08-28T14:01:44+00:00\",\"description\":\"Transformez vos donn\u00e9es gr\u00e2ce \u00e0 notre atelier sur la business intelligence avec Power BI. Rejoignez-nous pour obtenir des informations exploitables d\u00e8s aujourd'hui !\",\"breadcrumb\":{\"@id\":\"https:\\\/\\\/wilyxsolutions.com\\\/fr\\\/produit\\\/business-intelligence-avec-power-bi#breadcrumb\"},\"inLanguage\":\"fr-FR\",\"potentialAction\":[{\"@type\":\"ReadAction\",\"target\":[\"https:\\\/\\\/wilyxsolutions.com\\\/fr\\\/produit\\\/business-intelligence-avec-power-bi\"]}]},{\"@type\":\"ImageObject\",\"inLanguage\":\"fr-FR\",\"@id\":\"https:\\\/\\\/wilyxsolutions.com\\\/fr\\\/produit\\\/business-intelligence-avec-power-bi#primaryimage\",\"url\":\"https:\\\/\\\/wilyxsolutions.com\\\/wp-content\\\/uploads\\\/2025\\\/06\\\/training-04-free-img.jpg\",\"contentUrl\":\"https:\\\/\\\/wilyxsolutions.com\\\/wp-content\\\/uploads\\\/2025\\\/06\\\/training-04-free-img.jpg\",\"width\":565,\"height\":360},{\"@type\":\"BreadcrumbList\",\"@id\":\"https:\\\/\\\/wilyxsolutions.com\\\/fr\\\/produit\\\/business-intelligence-avec-power-bi#breadcrumb\",\"itemListElement\":[{\"@type\":\"ListItem\",\"position\":1,\"name\":\"Home\",\"item\":\"https:\\\/\\\/wilyxsolutions.com\\\/fr\"},{\"@type\":\"ListItem\",\"position\":2,\"name\":\"Boutique\",\"item\":\"https:\\\/\\\/wilyxsolutions.com\\\/fr\\\/boutique\"},{\"@type\":\"ListItem\",\"position\":3,\"name\":\"Business Intelligence avec Power BI\"}]},{\"@type\":\"WebSite\",\"@id\":\"https:\\\/\\\/wilyxsolutions.com\\\/fr#website\",\"url\":\"https:\\\/\\\/wilyxsolutions.com\\\/fr\",\"name\":\"Wilyx\",\"description\":\"AI &amp; Analytics\",\"publisher\":{\"@id\":\"https:\\\/\\\/wilyxsolutions.com\\\/fr#organization\"},\"potentialAction\":[{\"@type\":\"SearchAction\",\"target\":{\"@type\":\"EntryPoint\",\"urlTemplate\":\"https:\\\/\\\/wilyxsolutions.com\\\/fr?s={search_term_string}\"},\"query-input\":{\"@type\":\"PropertyValueSpecification\",\"valueRequired\":true,\"valueName\":\"search_term_string\"}}],\"inLanguage\":\"fr-FR\"},{\"@type\":\"Organization\",\"@id\":\"https:\\\/\\\/wilyxsolutions.com\\\/fr#organization\",\"name\":\"Wilyx\",\"url\":\"https:\\\/\\\/wilyxsolutions.com\\\/fr\",\"logo\":{\"@type\":\"ImageObject\",\"inLanguage\":\"fr-FR\",\"@id\":\"https:\\\/\\\/wilyxsolutions.com\\\/fr#\\\/schema\\\/logo\\\/image\\\/\",\"url\":\"https:\\\/\\\/wilyxsolutions.com\\\/wp-content\\\/uploads\\\/2025\\\/06\\\/cropped-10-1.png\",\"contentUrl\":\"https:\\\/\\\/wilyxsolutions.com\\\/wp-content\\\/uploads\\\/2025\\\/06\\\/cropped-10-1.png\",\"width\":512,\"height\":512,\"caption\":\"Wilyx\"},\"image\":{\"@id\":\"https:\\\/\\\/wilyxsolutions.com\\\/fr#\\\/schema\\\/logo\\\/image\\\/\"},\"sameAs\":[\"https:\\\/\\\/www.facebook.com\\\/wilyxinc\",\"https:\\\/\\\/www.linkedin.com\\\/company\\\/wilyx\\\/\"]}]}<\/script>\n<!-- \/ Yoast SEO plugin. -->","yoast_head_json":{"title":"Business Intelligence avec Power BI - Wilyx","description":"Transformez vos donn\u00e9es gr\u00e2ce \u00e0 notre atelier sur la business intelligence avec Power BI. Rejoignez-nous pour obtenir des informations exploitables d\u00e8s aujourd'hui !","robots":{"index":"index","follow":"follow","max-snippet":"max-snippet:-1","max-image-preview":"max-image-preview:large","max-video-preview":"max-video-preview:-1"},"canonical":"https:\/\/wilyxsolutions.com\/fr\/produit\/business-intelligence-avec-power-bi","og_locale":"fr_FR","og_type":"article","og_title":"Business Intelligence avec Power BI - Wilyx","og_description":"Transformez vos donn\u00e9es gr\u00e2ce \u00e0 notre atelier sur la business intelligence avec Power BI. Rejoignez-nous pour obtenir des informations exploitables d\u00e8s aujourd'hui !","og_url":"https:\/\/wilyxsolutions.com\/fr\/produit\/business-intelligence-avec-power-bi","og_site_name":"Wilyx","article_publisher":"https:\/\/www.facebook.com\/wilyxinc","og_image":[{"width":565,"height":360,"url":"https:\/\/wilyxsolutions.com\/wp-content\/uploads\/2025\/06\/training-04-free-img.jpg","type":"image\/jpeg"}],"twitter_card":"summary_large_image","twitter_misc":{"Dur\u00e9e de lecture estim\u00e9e":"1 minute"},"schema":{"@context":"https:\/\/schema.org","@graph":[{"@type":"WebPage","@id":"https:\/\/wilyxsolutions.com\/fr\/produit\/business-intelligence-avec-power-bi","url":"https:\/\/wilyxsolutions.com\/fr\/produit\/business-intelligence-avec-power-bi","name":"Business Intelligence avec Power BI - Wilyx","isPartOf":{"@id":"https:\/\/wilyxsolutions.com\/fr#website"},"primaryImageOfPage":{"@id":"https:\/\/wilyxsolutions.com\/fr\/produit\/business-intelligence-avec-power-bi#primaryimage"},"image":{"@id":"https:\/\/wilyxsolutions.com\/fr\/produit\/business-intelligence-avec-power-bi#primaryimage"},"thumbnailUrl":"https:\/\/wilyxsolutions.com\/wp-content\/uploads\/2025\/06\/training-04-free-img.jpg","datePublished":"2025-08-28T14:01:44+00:00","description":"Transformez vos donn\u00e9es gr\u00e2ce \u00e0 notre atelier sur la business intelligence avec Power BI. Rejoignez-nous pour obtenir des informations exploitables d\u00e8s aujourd'hui !","breadcrumb":{"@id":"https:\/\/wilyxsolutions.com\/fr\/produit\/business-intelligence-avec-power-bi#breadcrumb"},"inLanguage":"fr-FR","potentialAction":[{"@type":"ReadAction","target":["https:\/\/wilyxsolutions.com\/fr\/produit\/business-intelligence-avec-power-bi"]}]},{"@type":"ImageObject","inLanguage":"fr-FR","@id":"https:\/\/wilyxsolutions.com\/fr\/produit\/business-intelligence-avec-power-bi#primaryimage","url":"https:\/\/wilyxsolutions.com\/wp-content\/uploads\/2025\/06\/training-04-free-img.jpg","contentUrl":"https:\/\/wilyxsolutions.com\/wp-content\/uploads\/2025\/06\/training-04-free-img.jpg","width":565,"height":360},{"@type":"BreadcrumbList","@id":"https:\/\/wilyxsolutions.com\/fr\/produit\/business-intelligence-avec-power-bi#breadcrumb","itemListElement":[{"@type":"ListItem","position":1,"name":"Home","item":"https:\/\/wilyxsolutions.com\/fr"},{"@type":"ListItem","position":2,"name":"Boutique","item":"https:\/\/wilyxsolutions.com\/fr\/boutique"},{"@type":"ListItem","position":3,"name":"Business Intelligence avec Power BI"}]},{"@type":"WebSite","@id":"https:\/\/wilyxsolutions.com\/fr#website","url":"https:\/\/wilyxsolutions.com\/fr","name":"Wilyx","description":"AI &amp; Analytics","publisher":{"@id":"https:\/\/wilyxsolutions.com\/fr#organization"},"potentialAction":[{"@type":"SearchAction","target":{"@type":"EntryPoint","urlTemplate":"https:\/\/wilyxsolutions.com\/fr?s={search_term_string}"},"query-input":{"@type":"PropertyValueSpecification","valueRequired":true,"valueName":"search_term_string"}}],"inLanguage":"fr-FR"},{"@type":"Organization","@id":"https:\/\/wilyxsolutions.com\/fr#organization","name":"Wilyx","url":"https:\/\/wilyxsolutions.com\/fr","logo":{"@type":"ImageObject","inLanguage":"fr-FR","@id":"https:\/\/wilyxsolutions.com\/fr#\/schema\/logo\/image\/","url":"https:\/\/wilyxsolutions.com\/wp-content\/uploads\/2025\/06\/cropped-10-1.png","contentUrl":"https:\/\/wilyxsolutions.com\/wp-content\/uploads\/2025\/06\/cropped-10-1.png","width":512,"height":512,"caption":"Wilyx"},"image":{"@id":"https:\/\/wilyxsolutions.com\/fr#\/schema\/logo\/image\/"},"sameAs":["https:\/\/www.facebook.com\/wilyxinc","https:\/\/www.linkedin.com\/company\/wilyx\/"]}]}},"spectra_custom_meta":{"_wcml_average_rating":[null],"_wcml_review_count":[null],"_wcml_rating_count":[null],"_yoast_wpseo_primary_product_cat":["64"],"_backorders":["no"],"_download_limit":["-1"],"_download_expiry":["-1"],"_downloadable":["no"],"_manage_stock":["no"],"_stock_status":["instock"],"_sold_individually":["no"],"_tax_class":[""],"_tax_status":["taxable"],"_virtual":["no"],"total_sales":["0"],"site-sidebar-layout":["default"],"theme-transparent-header-meta":["default"],"ast-site-content-layout":["default"],"site-content-style":["default"],"site-sidebar-style":["default"],"_yoast_wpseo_metadesc":["Transformez vos donn\u00e9es gr\u00e2ce \u00e0 notre atelier sur la business intelligence avec Power BI. Rejoignez-nous pour obtenir des informations exploitables d\u00e8s aujourd'hui !"],"_yoast_wpseo_focuskw":["business intelligence avec power bi"],"_thumbnail_id":["3065"],"_product_image_gallery":[""],"_wpml_word_count":["203"],"astra_style_timestamp_css":["1778161873"],"_uag_css_file_name":["uag-css-3482.css"],"_max_variation_price":[""],"_max_variation_regular_price":[""],"_max_variation_sale_price":[""],"_min_variation_price":[""],"_min_variation_regular_price":[""],"_min_variation_sale_price":[""],"_price":[""],"_regular_price":[""],"_sale_price":[""],"_wc_rating_count":[""],"_wc_review_count":[""],"_wc_average_rating":[0]},"uagb_featured_image_src":{"full":["https:\/\/wilyxsolutions.com\/wp-content\/uploads\/2025\/06\/training-04-free-img.jpg",565,360,false],"thumbnail":["https:\/\/wilyxsolutions.com\/wp-content\/uploads\/2025\/06\/training-04-free-img-150x150.jpg",150,150,true],"medium":["https:\/\/wilyxsolutions.com\/wp-content\/uploads\/2025\/06\/training-04-free-img-300x191.jpg",300,191,true],"medium_large":["https:\/\/wilyxsolutions.com\/wp-content\/uploads\/2025\/06\/training-04-free-img.jpg",565,360,false],"large":["https:\/\/wilyxsolutions.com\/wp-content\/uploads\/2025\/06\/training-04-free-img.jpg",565,360,false],"1536x1536":["https:\/\/wilyxsolutions.com\/wp-content\/uploads\/2025\/06\/training-04-free-img.jpg",565,360,false],"2048x2048":["https:\/\/wilyxsolutions.com\/wp-content\/uploads\/2025\/06\/training-04-free-img.jpg",565,360,false],"woocommerce_thumbnail":["https:\/\/wilyxsolutions.com\/wp-content\/uploads\/2025\/06\/training-04-free-img-300x300.jpg",300,300,true],"woocommerce_single":["https:\/\/wilyxsolutions.com\/wp-content\/uploads\/2025\/06\/training-04-free-img.jpg",565,360,false],"woocommerce_gallery_thumbnail":["https:\/\/wilyxsolutions.com\/wp-content\/uploads\/2025\/06\/training-04-free-img-100x100.jpg",100,100,true]},"uagb_author_info":{"display_name":"Wilyx","author_link":"https:\/\/wilyxsolutions.com\/fr\/author"},"uagb_comment_info":0,"uagb_excerpt":"Lib\u00e9rez le potentiel de vos donn\u00e9es et am\u00e9liorez votre prise de d\u00e9cision gr\u00e2ce \u00e0 notre atelier sur la Business Intelligence avec Power BI. Que vous soyez d\u00e9butant ou professionnel exp\u00e9riment\u00e9, cet atelier est con\u00e7u pour vous guider dans l&rsquo;utilisation de Power BI afin de cr\u00e9er des rapports et des tableaux de bord pertinents. Transformez vos\u2026","_links":{"self":[{"href":"https:\/\/wilyxsolutions.com\/fr\/wp-json\/wp\/v2\/product\/3482","targetHints":{"allow":["GET"]}}],"collection":[{"href":"https:\/\/wilyxsolutions.com\/fr\/wp-json\/wp\/v2\/product"}],"about":[{"href":"https:\/\/wilyxsolutions.com\/fr\/wp-json\/wp\/v2\/types\/product"}],"replies":[{"embeddable":true,"href":"https:\/\/wilyxsolutions.com\/fr\/wp-json\/wp\/v2\/comments?post=3482"}],"wp:featuredmedia":[{"embeddable":true,"href":"https:\/\/wilyxsolutions.com\/fr\/wp-json\/wp\/v2\/media\/3065"}],"wp:attachment":[{"href":"https:\/\/wilyxsolutions.com\/fr\/wp-json\/wp\/v2\/media?parent=3482"}],"wp:term":[{"taxonomy":"product_brand","embeddable":true,"href":"https:\/\/wilyxsolutions.com\/fr\/wp-json\/wp\/v2\/product_brand?post=3482"},{"taxonomy":"product_cat","embeddable":true,"href":"https:\/\/wilyxsolutions.com\/fr\/wp-json\/wp\/v2\/product_cat?post=3482"},{"taxonomy":"product_tag","embeddable":true,"href":"https:\/\/wilyxsolutions.com\/fr\/wp-json\/wp\/v2\/product_tag?post=3482"}],"curies":[{"name":"wp","href":"https:\/\/api.w.org\/{rel}","templated":true}]}}