{"id":3487,"date":"2025-08-28T10:05:55","date_gmt":"2025-08-28T14:05:55","guid":{"rendered":"https:\/\/wilyxsolutions.com\/product\/microsoft-power-platform"},"modified":"2025-08-28T10:05:55","modified_gmt":"2025-08-28T14:05:55","slug":"microsoft-power-platform","status":"publish","type":"product","link":"https:\/\/wilyxsolutions.com\/fr\/produit\/microsoft-power-platform","title":{"rendered":"Microsoft Power Platform"},"content":{"rendered":"<h2>Lib\u00e9rer le potentiel de Microsoft Power Platform<\/h2>\n<p>\u00cates-vous pr\u00eat \u00e0 faire passer votre productivit\u00e9 au niveau sup\u00e9rieur ? Notre atelier complet sur Microsoft Power Platform est l&rsquo;occasion id\u00e9ale de renforcer vos comp\u00e9tences et de transformer vos processus d&rsquo;entreprise. Cette exp\u00e9rience d&rsquo;apprentissage pratique est con\u00e7ue pour les professionnels, les entreprises et les particuliers qui cherchent \u00e0 am\u00e9liorer leur efficacit\u00e9 tout en simplifiant leurs flux de travail. Que vous soyez novice en mati\u00e8re de plateforme ou que vous cherchiez \u00e0 affiner votre expertise, cet atelier vous fournit les bases dont vous avez besoin pour exploiter tout son potentiel.   <\/p>\n<h2>Ce que vous apprendrez<\/h2>\n<p>Rejoignez-nous pour cet atelier \u00e0 forte valeur ajout\u00e9e et explorez les outils polyvalents offerts par Microsoft Power Platform. Vous obtiendrez des informations pratiques et exploitables sur : <\/p>\n<ul>\n<li>Power Automate : Automatiser les t\u00e2ches routini\u00e8res pour gagner du temps et de l&rsquo;\u00e9nergie.<\/li>\n<li>Power Apps : Cr\u00e9ation d&rsquo;applications personnalis\u00e9es, sans code, pour r\u00e9pondre aux besoins uniques des entreprises.<\/li>\n<li>Power BI : Visualiser vos donn\u00e9es pour prendre des d\u00e9cisions \u00e9clair\u00e9es et obtenir des informations exploitables.<\/li>\n<li>Agents virtuels puissants : Cr\u00e9er des chatbots intelligents pour offrir une exp\u00e9rience client transparente.<\/li>\n<\/ul>\n<p>Nos instructeurs experts vous guideront \u00e0 chaque \u00e9tape, en combinant la th\u00e9orie avec des exercices pratiques pour vous assurer que vous repartirez avec des comp\u00e9tences pr\u00eates \u00e0 l&#8217;emploi.<\/p>\n<h2>Pourquoi choisir cet atelier ?<\/h2>\n<p>Microsoft Power Platform change la donne pour les professionnels et les entreprises. Voici pourquoi notre atelier est votre porte d&rsquo;entr\u00e9e vers le succ\u00e8s : <\/p>\n<ul>\n<li><strong>Applications concr\u00e8tes :<\/strong> Apprendre \u00e0 r\u00e9soudre des probl\u00e8mes professionnels r\u00e9els \u00e0 l&rsquo;aide d&rsquo;outils \u00e0 code r\u00e9duit.<\/li>\n<li><strong>Apprentissage interactif :<\/strong> Participez aux d\u00e9monstrations en direct, aux exemples et aux applications pratiques.<\/li>\n<li><strong>Des conseils d&rsquo;experts :<\/strong> Nos instructeurs sont des professionnels de Microsoft certifi\u00e9s par l&rsquo;industrie et poss\u00e9dant des ann\u00e9es d&rsquo;exp\u00e9rience.<\/li>\n<li><strong>Un programme complet :<\/strong> Des d\u00e9butants aux interm\u00e9diaires, le cours est adapt\u00e9 \u00e0 chaque courbe d&rsquo;apprentissage.<\/li>\n<\/ul>\n<p>\u00c0 la fin de l&rsquo;atelier, vous aurez acquis les connaissances, la confiance et les outils n\u00e9cessaires pour mettre en \u0153uvre efficacement les solutions Microsoft Power Platform au sein de votre organisation ou dans le cadre de vos projets.<\/p>\n<h2>Qui devrait y assister ?<\/h2>\n<p>Si vous \u00eates manager, d\u00e9veloppeur, analyste de donn\u00e9es ou simplement d\u00e9sireux d&rsquo;am\u00e9liorer l&rsquo;efficacit\u00e9 des flux de travail, cet atelier est fait pour vous. Aucune exp\u00e9rience pr\u00e9alable de la programmation ou de Microsoft Power Platform n&rsquo;est requise, ce qui le rend accessible aux d\u00e9butants comme aux professionnels exp\u00e9riment\u00e9s. <\/p>\n<p>Pr\u00eat \u00e0 transformer votre fa\u00e7on de travailler et \u00e0 stimuler votre productivit\u00e9 ? Inscrivez-vous d\u00e8s aujourd&rsquo;hui \u00e0 notre atelier sur Microsoft Power Platform et entrez dans le monde de l&rsquo;innovation low-code ! <\/p>\n","protected":false},"excerpt":{"rendered":"<p>Lib\u00e9rer le potentiel de Microsoft Power Platform \u00cates-vous pr\u00eat \u00e0 faire passer votre productivit\u00e9 au niveau sup\u00e9rieur ? Notre atelier complet sur Microsoft Power Platform est l&rsquo;occasion id\u00e9ale de renforcer vos comp\u00e9tences et de transformer vos processus d&rsquo;entreprise. Cette exp\u00e9rience d&rsquo;apprentissage pratique est con\u00e7ue pour les professionnels, les entreprises et les particuliers qui cherchent \u00e0 [&hellip;]<\/p>\n","protected":false},"featured_media":3075,"comment_status":"open","ping_status":"closed","template":"","meta":{"_uag_custom_page_level_css":"","site-sidebar-layout":"default","site-content-layout":"","ast-site-content-layout":"default","site-content-style":"default","site-sidebar-style":"default","ast-global-header-display":"","ast-banner-title-visibility":"","ast-main-header-display":"","ast-hfb-above-header-display":"","ast-hfb-below-header-display":"","ast-hfb-mobile-header-display":"","site-post-title":"","ast-breadcrumbs-content":"","ast-featured-img":"","footer-sml-layout":"","ast-disable-related-posts":"","theme-transparent-header-meta":"default","adv-header-id-meta":"","stick-header-meta":"","header-above-stick-meta":"","header-main-stick-meta":"","header-below-stick-meta":"","astra-migrate-meta-layouts":"default","ast-page-background-enabled":"default","ast-page-background-meta":{"desktop":{"background-color":"","background-image":"","background-repeat":"repeat","background-position":"center center","background-size":"auto","background-attachment":"scroll","background-type":"","background-media":"","overlay-type":"","overlay-color":"","overlay-opacity":"","overlay-gradient":""},"tablet":{"background-color":"","background-image":"","background-repeat":"repeat","background-position":"center center","background-size":"auto","background-attachment":"scroll","background-type":"","background-media":"","overlay-type":"","overlay-color":"","overlay-opacity":"","overlay-gradient":""},"mobile":{"background-color":"","background-image":"","background-repeat":"repeat","background-position":"center center","background-size":"auto","background-attachment":"scroll","background-type":"","background-media":"","overlay-type":"","overlay-color":"","overlay-opacity":"","overlay-gradient":""}},"ast-content-background-meta":{"desktop":{"background-color":"var(--ast-global-color-5)","background-image":"","background-repeat":"repeat","background-position":"center center","background-size":"auto","background-attachment":"scroll","background-type":"","background-media":"","overlay-type":"","overlay-color":"","overlay-opacity":"","overlay-gradient":""},"tablet":{"background-color":"var(--ast-global-color-5)","background-image":"","background-repeat":"repeat","background-position":"center center","background-size":"auto","background-attachment":"scroll","background-type":"","background-media":"","overlay-type":"","overlay-color":"","overlay-opacity":"","overlay-gradient":""},"mobile":{"background-color":"var(--ast-global-color-5)","background-image":"","background-repeat":"repeat","background-position":"center center","background-size":"auto","background-attachment":"scroll","background-type":"","background-media":"","overlay-type":"","overlay-color":"","overlay-opacity":"","overlay-gradient":""}}},"product_brand":[],"product_cat":[65],"product_tag":[],"class_list":{"0":"post-3487","1":"product","2":"type-product","3":"status-publish","4":"has-post-thumbnail","6":"product_cat-formations","7":"desktop-align-left","8":"tablet-align-left","9":"mobile-align-left","10":"ast-product-gallery-layout-horizontal-slider","11":"ast-product-gallery-with-no-image","12":"ast-magnify-disabled","13":"ast-product-tabs-layout-horizontal","15":"first","16":"instock","17":"shipping-taxable","18":"product-type-simple"},"yoast_head":"<!-- This site is optimized with the Yoast SEO plugin v27.5 - https:\/\/yoast.com\/product\/yoast-seo-wordpress\/ -->\n<title>Microsoft Power Platform - Wilyx<\/title>\n<meta name=\"description\" content=\"Am\u00e9liorez votre efficacit\u00e9 instantan\u00e9ment avec notre atelier Microsoft Power Platform ! Parfait pour tous les professionnels qui cherchent \u00e0 optimiser leur activit\u00e9.\" \/>\n<meta name=\"robots\" content=\"index, follow, max-snippet:-1, max-image-preview:large, max-video-preview:-1\" \/>\n<link rel=\"canonical\" href=\"https:\/\/wilyxsolutions.com\/fr\/produit\/microsoft-power-platform\" \/>\n<meta property=\"og:locale\" content=\"fr_FR\" \/>\n<meta property=\"og:type\" content=\"article\" \/>\n<meta property=\"og:title\" content=\"Microsoft Power Platform - Wilyx\" \/>\n<meta property=\"og:description\" content=\"Am\u00e9liorez votre efficacit\u00e9 instantan\u00e9ment avec notre atelier Microsoft Power Platform ! Parfait pour tous les professionnels qui cherchent \u00e0 optimiser leur activit\u00e9.\" \/>\n<meta property=\"og:url\" content=\"https:\/\/wilyxsolutions.com\/fr\/produit\/microsoft-power-platform\" \/>\n<meta property=\"og:site_name\" content=\"Wilyx\" \/>\n<meta property=\"article:publisher\" content=\"https:\/\/www.facebook.com\/wilyxinc\" \/>\n<meta property=\"og:image\" content=\"https:\/\/wilyxsolutions.com\/wp-content\/uploads\/2025\/06\/training-05-free-img.jpg\" \/>\n\t<meta property=\"og:image:width\" content=\"565\" \/>\n\t<meta property=\"og:image:height\" content=\"360\" \/>\n\t<meta property=\"og:image:type\" content=\"image\/jpeg\" \/>\n<meta name=\"twitter:card\" content=\"summary_large_image\" \/>\n<meta name=\"twitter:label1\" content=\"Dur\u00e9e de lecture estim\u00e9e\" \/>\n\t<meta name=\"twitter:data1\" content=\"2 minutes\" \/>\n<script type=\"application\/ld+json\" class=\"yoast-schema-graph\">{\"@context\":\"https:\\\/\\\/schema.org\",\"@graph\":[{\"@type\":\"WebPage\",\"@id\":\"https:\\\/\\\/wilyxsolutions.com\\\/fr\\\/produit\\\/microsoft-power-platform\",\"url\":\"https:\\\/\\\/wilyxsolutions.com\\\/fr\\\/produit\\\/microsoft-power-platform\",\"name\":\"Microsoft Power Platform - Wilyx\",\"isPartOf\":{\"@id\":\"https:\\\/\\\/wilyxsolutions.com\\\/fr#website\"},\"primaryImageOfPage\":{\"@id\":\"https:\\\/\\\/wilyxsolutions.com\\\/fr\\\/produit\\\/microsoft-power-platform#primaryimage\"},\"image\":{\"@id\":\"https:\\\/\\\/wilyxsolutions.com\\\/fr\\\/produit\\\/microsoft-power-platform#primaryimage\"},\"thumbnailUrl\":\"https:\\\/\\\/wilyxsolutions.com\\\/wp-content\\\/uploads\\\/2025\\\/06\\\/training-05-free-img.jpg\",\"datePublished\":\"2025-08-28T14:05:55+00:00\",\"description\":\"Am\u00e9liorez votre efficacit\u00e9 instantan\u00e9ment avec notre atelier Microsoft Power Platform ! Parfait pour tous les professionnels qui cherchent \u00e0 optimiser leur activit\u00e9.\",\"breadcrumb\":{\"@id\":\"https:\\\/\\\/wilyxsolutions.com\\\/fr\\\/produit\\\/microsoft-power-platform#breadcrumb\"},\"inLanguage\":\"fr-FR\",\"potentialAction\":[{\"@type\":\"ReadAction\",\"target\":[\"https:\\\/\\\/wilyxsolutions.com\\\/fr\\\/produit\\\/microsoft-power-platform\"]}]},{\"@type\":\"ImageObject\",\"inLanguage\":\"fr-FR\",\"@id\":\"https:\\\/\\\/wilyxsolutions.com\\\/fr\\\/produit\\\/microsoft-power-platform#primaryimage\",\"url\":\"https:\\\/\\\/wilyxsolutions.com\\\/wp-content\\\/uploads\\\/2025\\\/06\\\/training-05-free-img.jpg\",\"contentUrl\":\"https:\\\/\\\/wilyxsolutions.com\\\/wp-content\\\/uploads\\\/2025\\\/06\\\/training-05-free-img.jpg\",\"width\":565,\"height\":360},{\"@type\":\"BreadcrumbList\",\"@id\":\"https:\\\/\\\/wilyxsolutions.com\\\/fr\\\/produit\\\/microsoft-power-platform#breadcrumb\",\"itemListElement\":[{\"@type\":\"ListItem\",\"position\":1,\"name\":\"Home\",\"item\":\"https:\\\/\\\/wilyxsolutions.com\\\/fr\"},{\"@type\":\"ListItem\",\"position\":2,\"name\":\"Boutique\",\"item\":\"https:\\\/\\\/wilyxsolutions.com\\\/fr\\\/boutique\"},{\"@type\":\"ListItem\",\"position\":3,\"name\":\"Microsoft Power Platform\"}]},{\"@type\":\"WebSite\",\"@id\":\"https:\\\/\\\/wilyxsolutions.com\\\/fr#website\",\"url\":\"https:\\\/\\\/wilyxsolutions.com\\\/fr\",\"name\":\"Wilyx\",\"description\":\"AI &amp; Analytics\",\"publisher\":{\"@id\":\"https:\\\/\\\/wilyxsolutions.com\\\/fr#organization\"},\"potentialAction\":[{\"@type\":\"SearchAction\",\"target\":{\"@type\":\"EntryPoint\",\"urlTemplate\":\"https:\\\/\\\/wilyxsolutions.com\\\/fr?s={search_term_string}\"},\"query-input\":{\"@type\":\"PropertyValueSpecification\",\"valueRequired\":true,\"valueName\":\"search_term_string\"}}],\"inLanguage\":\"fr-FR\"},{\"@type\":\"Organization\",\"@id\":\"https:\\\/\\\/wilyxsolutions.com\\\/fr#organization\",\"name\":\"Wilyx\",\"url\":\"https:\\\/\\\/wilyxsolutions.com\\\/fr\",\"logo\":{\"@type\":\"ImageObject\",\"inLanguage\":\"fr-FR\",\"@id\":\"https:\\\/\\\/wilyxsolutions.com\\\/fr#\\\/schema\\\/logo\\\/image\\\/\",\"url\":\"https:\\\/\\\/wilyxsolutions.com\\\/wp-content\\\/uploads\\\/2025\\\/06\\\/cropped-10-1.png\",\"contentUrl\":\"https:\\\/\\\/wilyxsolutions.com\\\/wp-content\\\/uploads\\\/2025\\\/06\\\/cropped-10-1.png\",\"width\":512,\"height\":512,\"caption\":\"Wilyx\"},\"image\":{\"@id\":\"https:\\\/\\\/wilyxsolutions.com\\\/fr#\\\/schema\\\/logo\\\/image\\\/\"},\"sameAs\":[\"https:\\\/\\\/www.facebook.com\\\/wilyxinc\",\"https:\\\/\\\/www.linkedin.com\\\/company\\\/wilyx\\\/\"]}]}<\/script>\n<!-- \/ Yoast SEO plugin. -->","yoast_head_json":{"title":"Microsoft Power Platform - Wilyx","description":"Am\u00e9liorez votre efficacit\u00e9 instantan\u00e9ment avec notre atelier Microsoft Power Platform ! Parfait pour tous les professionnels qui cherchent \u00e0 optimiser leur activit\u00e9.","robots":{"index":"index","follow":"follow","max-snippet":"max-snippet:-1","max-image-preview":"max-image-preview:large","max-video-preview":"max-video-preview:-1"},"canonical":"https:\/\/wilyxsolutions.com\/fr\/produit\/microsoft-power-platform","og_locale":"fr_FR","og_type":"article","og_title":"Microsoft Power Platform - Wilyx","og_description":"Am\u00e9liorez votre efficacit\u00e9 instantan\u00e9ment avec notre atelier Microsoft Power Platform ! Parfait pour tous les professionnels qui cherchent \u00e0 optimiser leur activit\u00e9.","og_url":"https:\/\/wilyxsolutions.com\/fr\/produit\/microsoft-power-platform","og_site_name":"Wilyx","article_publisher":"https:\/\/www.facebook.com\/wilyxinc","og_image":[{"width":565,"height":360,"url":"https:\/\/wilyxsolutions.com\/wp-content\/uploads\/2025\/06\/training-05-free-img.jpg","type":"image\/jpeg"}],"twitter_card":"summary_large_image","twitter_misc":{"Dur\u00e9e de lecture estim\u00e9e":"2 minutes"},"schema":{"@context":"https:\/\/schema.org","@graph":[{"@type":"WebPage","@id":"https:\/\/wilyxsolutions.com\/fr\/produit\/microsoft-power-platform","url":"https:\/\/wilyxsolutions.com\/fr\/produit\/microsoft-power-platform","name":"Microsoft Power Platform - Wilyx","isPartOf":{"@id":"https:\/\/wilyxsolutions.com\/fr#website"},"primaryImageOfPage":{"@id":"https:\/\/wilyxsolutions.com\/fr\/produit\/microsoft-power-platform#primaryimage"},"image":{"@id":"https:\/\/wilyxsolutions.com\/fr\/produit\/microsoft-power-platform#primaryimage"},"thumbnailUrl":"https:\/\/wilyxsolutions.com\/wp-content\/uploads\/2025\/06\/training-05-free-img.jpg","datePublished":"2025-08-28T14:05:55+00:00","description":"Am\u00e9liorez votre efficacit\u00e9 instantan\u00e9ment avec notre atelier Microsoft Power Platform ! Parfait pour tous les professionnels qui cherchent \u00e0 optimiser leur activit\u00e9.","breadcrumb":{"@id":"https:\/\/wilyxsolutions.com\/fr\/produit\/microsoft-power-platform#breadcrumb"},"inLanguage":"fr-FR","potentialAction":[{"@type":"ReadAction","target":["https:\/\/wilyxsolutions.com\/fr\/produit\/microsoft-power-platform"]}]},{"@type":"ImageObject","inLanguage":"fr-FR","@id":"https:\/\/wilyxsolutions.com\/fr\/produit\/microsoft-power-platform#primaryimage","url":"https:\/\/wilyxsolutions.com\/wp-content\/uploads\/2025\/06\/training-05-free-img.jpg","contentUrl":"https:\/\/wilyxsolutions.com\/wp-content\/uploads\/2025\/06\/training-05-free-img.jpg","width":565,"height":360},{"@type":"BreadcrumbList","@id":"https:\/\/wilyxsolutions.com\/fr\/produit\/microsoft-power-platform#breadcrumb","itemListElement":[{"@type":"ListItem","position":1,"name":"Home","item":"https:\/\/wilyxsolutions.com\/fr"},{"@type":"ListItem","position":2,"name":"Boutique","item":"https:\/\/wilyxsolutions.com\/fr\/boutique"},{"@type":"ListItem","position":3,"name":"Microsoft Power Platform"}]},{"@type":"WebSite","@id":"https:\/\/wilyxsolutions.com\/fr#website","url":"https:\/\/wilyxsolutions.com\/fr","name":"Wilyx","description":"AI &amp; Analytics","publisher":{"@id":"https:\/\/wilyxsolutions.com\/fr#organization"},"potentialAction":[{"@type":"SearchAction","target":{"@type":"EntryPoint","urlTemplate":"https:\/\/wilyxsolutions.com\/fr?s={search_term_string}"},"query-input":{"@type":"PropertyValueSpecification","valueRequired":true,"valueName":"search_term_string"}}],"inLanguage":"fr-FR"},{"@type":"Organization","@id":"https:\/\/wilyxsolutions.com\/fr#organization","name":"Wilyx","url":"https:\/\/wilyxsolutions.com\/fr","logo":{"@type":"ImageObject","inLanguage":"fr-FR","@id":"https:\/\/wilyxsolutions.com\/fr#\/schema\/logo\/image\/","url":"https:\/\/wilyxsolutions.com\/wp-content\/uploads\/2025\/06\/cropped-10-1.png","contentUrl":"https:\/\/wilyxsolutions.com\/wp-content\/uploads\/2025\/06\/cropped-10-1.png","width":512,"height":512,"caption":"Wilyx"},"image":{"@id":"https:\/\/wilyxsolutions.com\/fr#\/schema\/logo\/image\/"},"sameAs":["https:\/\/www.facebook.com\/wilyxinc","https:\/\/www.linkedin.com\/company\/wilyx\/"]}]}},"spectra_custom_meta":{"_wcml_average_rating":[null],"_wcml_review_count":[null],"_wcml_rating_count":[null],"_yoast_wpseo_primary_product_cat":["64"],"_backorders":["no"],"_download_limit":["-1"],"_download_expiry":["-1"],"_downloadable":["no"],"_manage_stock":["no"],"_stock_status":["instock"],"_sold_individually":["no"],"_tax_class":[""],"_tax_status":["taxable"],"_virtual":["no"],"total_sales":["0"],"site-sidebar-layout":["default"],"theme-transparent-header-meta":["default"],"ast-site-content-layout":["default"],"site-content-style":["default"],"site-sidebar-style":["default"],"_yoast_wpseo_metadesc":["Am\u00e9liorez votre efficacit\u00e9 instantan\u00e9ment avec notre atelier Microsoft Power Platform ! Parfait pour tous les professionnels qui cherchent \u00e0 optimiser leur activit\u00e9."],"_yoast_wpseo_focuskw":["Microsoft Power Platform"],"_thumbnail_id":["3075"],"_product_image_gallery":[""],"_wpml_word_count":["523"],"astra_style_timestamp_css":["1778306472"],"_uag_css_file_name":["uag-css-3487.css"],"_max_variation_price":[""],"_max_variation_regular_price":[""],"_max_variation_sale_price":[""],"_min_variation_price":[""],"_min_variation_regular_price":[""],"_min_variation_sale_price":[""],"_price":[""],"_regular_price":[""],"_sale_price":[""],"_wc_rating_count":[""],"_wc_review_count":[""],"_wc_average_rating":[0]},"uagb_featured_image_src":{"full":["https:\/\/wilyxsolutions.com\/wp-content\/uploads\/2025\/06\/training-05-free-img.jpg",565,360,false],"thumbnail":["https:\/\/wilyxsolutions.com\/wp-content\/uploads\/2025\/06\/training-05-free-img-150x150.jpg",150,150,true],"medium":["https:\/\/wilyxsolutions.com\/wp-content\/uploads\/2025\/06\/training-05-free-img-300x191.jpg",300,191,true],"medium_large":["https:\/\/wilyxsolutions.com\/wp-content\/uploads\/2025\/06\/training-05-free-img.jpg",565,360,false],"large":["https:\/\/wilyxsolutions.com\/wp-content\/uploads\/2025\/06\/training-05-free-img.jpg",565,360,false],"1536x1536":["https:\/\/wilyxsolutions.com\/wp-content\/uploads\/2025\/06\/training-05-free-img.jpg",565,360,false],"2048x2048":["https:\/\/wilyxsolutions.com\/wp-content\/uploads\/2025\/06\/training-05-free-img.jpg",565,360,false],"woocommerce_thumbnail":["https:\/\/wilyxsolutions.com\/wp-content\/uploads\/2025\/06\/training-05-free-img-300x300.jpg",300,300,true],"woocommerce_single":["https:\/\/wilyxsolutions.com\/wp-content\/uploads\/2025\/06\/training-05-free-img.jpg",565,360,false],"woocommerce_gallery_thumbnail":["https:\/\/wilyxsolutions.com\/wp-content\/uploads\/2025\/06\/training-05-free-img-100x100.jpg",100,100,true]},"uagb_author_info":{"display_name":"Wilyx","author_link":"https:\/\/wilyxsolutions.com\/fr\/author"},"uagb_comment_info":0,"uagb_excerpt":"Lib\u00e9rer le potentiel de Microsoft Power Platform \u00cates-vous pr\u00eat \u00e0 faire passer votre productivit\u00e9 au niveau sup\u00e9rieur ? Notre atelier complet sur Microsoft Power Platform est l&rsquo;occasion id\u00e9ale de renforcer vos comp\u00e9tences et de transformer vos processus d&rsquo;entreprise. Cette exp\u00e9rience d&rsquo;apprentissage pratique est con\u00e7ue pour les professionnels, les entreprises et les particuliers qui cherchent \u00e0\u2026","_links":{"self":[{"href":"https:\/\/wilyxsolutions.com\/fr\/wp-json\/wp\/v2\/product\/3487","targetHints":{"allow":["GET"]}}],"collection":[{"href":"https:\/\/wilyxsolutions.com\/fr\/wp-json\/wp\/v2\/product"}],"about":[{"href":"https:\/\/wilyxsolutions.com\/fr\/wp-json\/wp\/v2\/types\/product"}],"replies":[{"embeddable":true,"href":"https:\/\/wilyxsolutions.com\/fr\/wp-json\/wp\/v2\/comments?post=3487"}],"wp:featuredmedia":[{"embeddable":true,"href":"https:\/\/wilyxsolutions.com\/fr\/wp-json\/wp\/v2\/media\/3075"}],"wp:attachment":[{"href":"https:\/\/wilyxsolutions.com\/fr\/wp-json\/wp\/v2\/media?parent=3487"}],"wp:term":[{"taxonomy":"product_brand","embeddable":true,"href":"https:\/\/wilyxsolutions.com\/fr\/wp-json\/wp\/v2\/product_brand?post=3487"},{"taxonomy":"product_cat","embeddable":true,"href":"https:\/\/wilyxsolutions.com\/fr\/wp-json\/wp\/v2\/product_cat?post=3487"},{"taxonomy":"product_tag","embeddable":true,"href":"https:\/\/wilyxsolutions.com\/fr\/wp-json\/wp\/v2\/product_tag?post=3487"}],"curies":[{"name":"wp","href":"https:\/\/api.w.org\/{rel}","templated":true}]}}